{"id":160,"date":"2018-07-22T14:44:40","date_gmt":"2018-07-22T18:44:40","guid":{"rendered":"http:\/\/www.consejeriayliderazgopr.com\/portal\/?page_id=160"},"modified":"2018-10-06T23:58:51","modified_gmt":"2018-10-07T03:58:51","slug":"portafolio","status":"publish","type":"page","link":"https:\/\/www.consejeriayliderazgopr.com\/portal\/portafolio\/","title":{"rendered":"Conoce sobre la Consejer\u00eda Profesional"},"content":{"rendered":"<p>\t\t\t\t\t\t<a href=\"http:\/\/www.consejeriayliderazgopr.com\/portal\/conoce-sobre-la-consejeria-profesional\/#\" target=\"_self\" aria-label=\"link to http:\/\/www.consejeriayliderazgopr.com\/portal\/conoce-sobre-la-consejeria-profesional\/#\" rel=\"noopener\"><br \/>\n\t\t<\/a>\t<\/p>\n<h3><a href=\"http:\/\/www.consejeriayliderazgopr.com\/portal\/conoce-sobre-la-consejeria-profesional\/#\" target=\"_self\">Conoce sobre la Consejer\u00eda<\/a><\/h3>\n<p>Conoce qu\u00e9 es es Consejer\u00ed\u00e1 Profesional y las distintas especialidades.<\/p>\n<p>\t\t\t\t\t\t<a href=\"http:\/\/www.consejeriayliderazgopr.com\/portal\/donde-puedo-estudiar-consejeria\/\" target=\"_self\" aria-label=\"link to http:\/\/www.consejeriayliderazgopr.com\/portal\/donde-puedo-estudiar-consejeria\/\" rel=\"noopener\"><br \/>\n\t\t<\/a>\t<\/p>\n<h3><a href=\"http:\/\/www.consejeriayliderazgopr.com\/portal\/donde-puedo-estudiar-consejeria\/\" target=\"_self\">Estudia Consejer\u00eda<\/a><\/h3>\n<p>Conoce las distintas Instituciones Educativas donde puedes desarrollarte.<\/p>\n<p>\t\t\t\t\t\t<a href=\"http:\/\/www.consejeriayliderazgopr.com\/portal\/si-vas-a-revalidar-como-consejero-profesional\/\" target=\"_self\" aria-label=\"link to http:\/\/www.consejeriayliderazgopr.com\/portal\/si-vas-a-revalidar-como-consejero-profesional\/\" rel=\"noopener\"><br \/>\n\t\t<\/a>\t<\/p>\n<h3><a href=\"http:\/\/www.consejeriayliderazgopr.com\/portal\/si-vas-a-revalidar-como-consejero-profesional\/\" target=\"_self\">Prep\u00e1rate para la Rev\u00e1lida<\/a><\/h3>\n<p>Si vas a tomar el examen de rev\u00e1lida para licenciarte como Consejero Profesional, debes leer esta secci\u00f3n.<\/p>\n<p>\t\t\t\t\t\t<a href=\"http:\/\/www.consejeriayliderazgopr.com\/portal\/enlaces-sobre-asociaciones-profesionales\/\" target=\"_self\" aria-label=\"link to http:\/\/www.consejeriayliderazgopr.com\/portal\/enlaces-sobre-asociaciones-profesionales\/\" rel=\"noopener\"><br \/>\n\t\t<\/a>\t<\/p>\n<h3><a href=\"http:\/\/www.consejeriayliderazgopr.com\/portal\/enlaces-sobre-asociaciones-profesionales\/\" target=\"_self\">Recursos Educativos<\/a><\/h3>\n<p>Conoce sobre diferentes asociaciones profesionales y enlaces donde puedes acceder informaci\u00f3n relevante a la Consejer\u00eda Profesional.<\/p>\n<h3>Recomendaciones para una Pr\u00e1ctica Profesional Efectiva<\/h3>\n<p>Si eres estudiante de Consejer\u00eda o Consejero Profesional Licenciado, accede diferentes recomendaciones para mejorar tu pr\u00e1ctica.<\/p>\n<p>Accede la publicaci\u00f3n:\u00a0<a href=\"http:\/\/www.consejeriayliderazgopr.com\/portal\/quiero-ayudar-a-mi-cliente-pero-no-se-que-decirle\/\"><em>Quiero ayudar a mi cliente pero no s\u00e9 qu\u00e9 decirle&#8230;<\/em><\/a><\/p>\n","protected":false},"excerpt":{"rendered":"<p>Conoce sobre la Consejer\u00eda Conoce qu\u00e9 es es Consejer\u00ed\u00e1 Profesional y las distintas especialidades. Estudia Consejer\u00eda Conoce las distintas Instituciones Educativas donde puedes desarrollarte. Prep\u00e1rate para la Rev\u00e1lida Si vas [&hellip;]<\/p>\n","protected":false},"author":1,"featured_media":0,"parent":0,"menu_order":0,"comment_status":"closed","ping_status":"closed","template":"","meta":{"footnotes":""},"class_list":["post-160","page","type-page","status-publish","hentry"],"jetpack_sharing_enabled":true,"jetpack_shortlink":"https:\/\/wp.me\/Pal6D3-2A","_links":{"self":[{"href":"https:\/\/www.consejeriayliderazgopr.com\/portal\/wp-json\/wp\/v2\/pages\/160","targetHints":{"allow":["GET"]}}],"collection":[{"href":"https:\/\/www.consejeriayliderazgopr.com\/portal\/wp-json\/wp\/v2\/pages"}],"about":[{"href":"https:\/\/www.consejeriayliderazgopr.com\/portal\/wp-json\/wp\/v2\/types\/page"}],"author":[{"embeddable":true,"href":"https:\/\/www.consejeriayliderazgopr.com\/portal\/wp-json\/wp\/v2\/users\/1"}],"replies":[{"embeddable":true,"href":"https:\/\/www.consejeriayliderazgopr.com\/portal\/wp-json\/wp\/v2\/comments?post=160"}],"version-history":[{"count":26,"href":"https:\/\/www.consejeriayliderazgopr.com\/portal\/wp-json\/wp\/v2\/pages\/160\/revisions"}],"predecessor-version":[{"id":756,"href":"https:\/\/www.consejeriayliderazgopr.com\/portal\/wp-json\/wp\/v2\/pages\/160\/revisions\/756"}],"wp:attachment":[{"href":"https:\/\/www.consejeriayliderazgopr.com\/portal\/wp-json\/wp\/v2\/media?parent=160"}],"curies":[{"name":"wp","href":"https:\/\/api.w.org\/{rel}","templated":true}]}}