{"id":2,"date":"2018-07-22T14:44:40","date_gmt":"2018-07-22T18:44:40","guid":{"rendered":"http:\/\/www.consejeriayliderazgopr.com\/portal\/?page_id=2"},"modified":"2018-10-08T14:52:20","modified_gmt":"2018-10-08T18:52:20","slug":"la-empresa","status":"publish","type":"page","link":"https:\/\/www.consejeriayliderazgopr.com\/portal\/la-empresa\/","title":{"rendered":"Conoce sobre nosotros"},"content":{"rendered":"<p>\t\t\t\t<img data-recalc-dims=\"1\" loading=\"lazy\" decoding=\"async\" src=\"https:\/\/i0.wp.com\/www.consejeriayliderazgopr.com\/portal\/wp-content\/uploads\/2018\/07\/Logo-con-borde-rojo.jpg?resize=640%2C453\" alt=\"Logo con borde rojo\" itemprop=\"image\" height=\"453\" width=\"640\" title=\"Logo con borde rojo\"  \/><\/p>\n<p><strong>\u00bfQu\u00e9 es Consejer\u00eda y Liderazgo PR?<\/strong><\/p>\n<p>Consejer\u00eda y Liderazgo PR es un espacio creado con el genuino prop\u00f3sito de brindar informaci\u00f3n y herramientas \u00fatiles para la vida cotidiana y el desarrollo integral de los individuos. Aqu\u00ed podr\u00e1s encontrar herramientas y recursos para ayudar a tus hijos, familiares, compa\u00f1eros de trabajo, amigos, conocidos y dem\u00e1s. A ti joven que nos lees, este espacio tambi\u00e9n te ofrece informaci\u00f3n para maximizar el rendimiento en tus estudios y estrategias que te guiar\u00e1n a tomar decisiones efectivamente. As\u00ed mismo, exponemos informaci\u00f3n sobre la profesi\u00f3n de Consejer\u00eda y d\u00f3nde puedes estudiarla. Adem\u00e1s, si eres Consejero en Adiestramiento o Consejero Profesional, te compartimos estrategias para una pr\u00e1ctica efectiva. Ofrecemos informaci\u00f3n relacionada al proceso y c\u00f3mo puedes prepararte para tomar el examen de rev\u00e1lida para Consejeros Profesionales. Esperamos que este medio sea de utilidad para su vida personal y profesional.<\/p>\n<h3>Creadores de Consejer\u00eda y Liderazgo PR<\/h3>\n<p>\t\t\t\t<img data-recalc-dims=\"1\" decoding=\"async\" src=\"https:\/\/i0.wp.com\/www.consejeriayliderazgopr.com\/portal\/wp-content\/uploads\/bb-plugin\/cache\/FB_IMG_1532307186808-1024x1024-square.jpg?w=640\" alt=\"FB_IMG_1532307186808\" itemprop=\"image\" title=\"FB_IMG_1532307186808\"  \/><\/p>\n<h3>Dr. Julio A. Cruz Rodr\u00edguez<\/h3>\n<p><a href=\"http:\/\/www.consejeriayliderazgopr.com\/portal\/dr-julio-a-cruz-rodriguez\/\"><em>Fundador<\/em><\/a><\/p>\n<p><a href=\"http:\/\/www.consejeriayliderazgopr.com\/portal\/dr-julio-a-cruz-rodriguez\/\">Oprima para leer biograf\u00eda<\/a><\/p>\n<p>\t\t\t\t<img data-recalc-dims=\"1\" loading=\"lazy\" decoding=\"async\" src=\"https:\/\/i0.wp.com\/www.consejeriayliderazgopr.com\/portal\/wp-content\/uploads\/bb-plugin\/cache\/Foto-Coralis-square.jpg?resize=640%2C651\" alt=\"Foto Coralis\" itemprop=\"image\" height=\"651\" width=\"640\" title=\"Foto Coralis\"  \/><\/p>\n<h3>Lic. Coralis D. Cruz Toro<\/h3>\n<p><a href=\"http:\/\/www.consejeriayliderazgopr.com\/portal\/lic-coralis-d-cruz-toro\/\"><em>Fundadora Asociada<\/em><\/a><\/p>\n<p><a href=\"http:\/\/www.consejeriayliderazgopr.com\/portal\/lic-coralis-d-cruz-toro\/\">Oprima para leer biograf\u00eda<\/a><\/p>\n","protected":false},"excerpt":{"rendered":"<p>\u00bfQu\u00e9 es Consejer\u00eda y Liderazgo PR? Consejer\u00eda y Liderazgo PR es un espacio creado con el genuino prop\u00f3sito de brindar informaci\u00f3n y herramientas \u00fatiles para la vida cotidiana y el [&hellip;]<\/p>\n","protected":false},"author":1,"featured_media":0,"parent":0,"menu_order":0,"comment_status":"closed","ping_status":"closed","template":"","meta":{"footnotes":""},"class_list":["post-2","page","type-page","status-publish","hentry"],"jetpack_sharing_enabled":true,"jetpack_shortlink":"https:\/\/wp.me\/Pal6D3-2","_links":{"self":[{"href":"https:\/\/www.consejeriayliderazgopr.com\/portal\/wp-json\/wp\/v2\/pages\/2","targetHints":{"allow":["GET"]}}],"collection":[{"href":"https:\/\/www.consejeriayliderazgopr.com\/portal\/wp-json\/wp\/v2\/pages"}],"about":[{"href":"https:\/\/www.consejeriayliderazgopr.com\/portal\/wp-json\/wp\/v2\/types\/page"}],"author":[{"embeddable":true,"href":"https:\/\/www.consejeriayliderazgopr.com\/portal\/wp-json\/wp\/v2\/users\/1"}],"replies":[{"embeddable":true,"href":"https:\/\/www.consejeriayliderazgopr.com\/portal\/wp-json\/wp\/v2\/comments?post=2"}],"version-history":[{"count":27,"href":"https:\/\/www.consejeriayliderazgopr.com\/portal\/wp-json\/wp\/v2\/pages\/2\/revisions"}],"predecessor-version":[{"id":761,"href":"https:\/\/www.consejeriayliderazgopr.com\/portal\/wp-json\/wp\/v2\/pages\/2\/revisions\/761"}],"wp:attachment":[{"href":"https:\/\/www.consejeriayliderazgopr.com\/portal\/wp-json\/wp\/v2\/media?parent=2"}],"curies":[{"name":"wp","href":"https:\/\/api.w.org\/{rel}","templated":true}]}}