{"id":235,"date":"2018-07-22T14:44:40","date_gmt":"2018-07-22T18:44:40","guid":{"rendered":"http:\/\/www.consejeriayliderazgopr.com\/portal\/?page_id=235"},"modified":"2018-10-06T23:37:19","modified_gmt":"2018-10-07T03:37:19","slug":"preguntas-frecuentes","status":"publish","type":"page","link":"https:\/\/www.consejeriayliderazgopr.com\/portal\/preguntas-frecuentes\/","title":{"rendered":"Preguntas frecuentes"},"content":{"rendered":"<p>En esta secci\u00f3n encontrar\u00e1 respuestas a preguntas comunes de estudiantes de escuela superior, universitarios y poblaci\u00f3n en general.<\/p>\n<hr \/>\n<h3><strong><em>Estudiantes de Escuela Superior<\/em><\/strong><\/h3>\n<hr \/>\n<h3><em>\u00bfCu\u00e1ndo debo tomar la Prueba de Aptitud Acad\u00e9mica?<\/em><\/h3>\n<p>La Prueba de Aptitud Acad\u00e9mica debes tomarla a m\u00e1s tardar el primer semestre de tu grado 12.\u00a0 Si piensas que puedes obtener una puntuaci\u00f3n baja, puedes tomarla en grado 11 para tener la opci\u00f3n de repetirlo en caso de ser necesario. Tambi\u00e9n puedes buscar tutor\u00edas para mejorar las \u00e1reas donde te sientes inseguro, antes de tomar la prueba.<\/p>\n<hr \/>\n<h3><em>\u00bfCu\u00e1ndo solicito a la universidad?<\/em><\/h3>\n<p>Cada universidad tiene sus fechas l\u00edmites para solicitar admisi\u00f3n. Se recomienda verificar la p\u00e1gina oficial de cada instituci\u00f3n para conocer la informaci\u00f3n de primera mano.<\/p>\n<p>Aunque conozcas la fecha l\u00edmite, evita dejarlo para \u00faltimo momento. Considera que algunas instituciones admiten seg\u00fan van recibiendo las solicitudes, por lo que hacerlo temprano puede darte m\u00e1s posibilidad de ser admitido a tu programa de inter\u00e9s.<\/p>\n<hr \/>\n<h3><em>\u00bfPuedo solicitar a m\u00e1s de una universidad?<\/em><\/h3>\n<p>Puedes solicitar a todas las instituciones que intereses. Esto te dar\u00e1 m\u00e1s oportunidad de ser admitido. Es importante que identifiques aquellas instituciones que ofrezcan el programa de tu inter\u00e9s y donde puedas tener mayor oportunidad de crecimiento y desarrollo.<\/p>\n<hr \/>\n<h3><em>\u00bfQu\u00e9 hago si no s\u00e9 qu\u00e9 estudiar?<\/em><\/h3>\n<p>Busca ayuda de tu consejero escolar. El consejero est\u00e1 para ayudarte a definir tus metas. Solicita una prueba o inventario de intereses vacacionales para identificar qu\u00e9 \u00e1reas est\u00e1n m\u00e1s relacionadas a tus intereses y habilidades.<\/p>\n<hr \/>\n<h3><\/h3>\n<h3><\/h3>\n<h3><strong><em>Universitarios<\/em><\/strong><\/h3>\n<hr \/>\n<h3><em>\u00bfCu\u00e1ndo debo tomar el Examen para Estudios Graduados?<\/em><\/h3>\n<p>El Examen para Estudios Graduados debe tomarse como tarde el primer semestre de tu \u00faltimo a\u00f1o de estudios de bachillerato. Es importante que consideres la fecha l\u00edmite de solicitud de las Escuelas Graduadas a las que intereses solicitar.<\/p>\n<hr \/>\n<h3><em>Me grad\u00fao y \u00bfahora qu\u00e9?<\/em><\/h3>\n<p>Al graduarte de un curso t\u00e9cnico, grado asociado o bachillerato puedes preguntarte \u00ab\u00bfqu\u00e9 har\u00e9 ahora?\u00bb. Entre tus opciones podr\u00eda estar: buscar un empleo, continuar estudiando o tomar rev\u00e1lida (si es requerido). Si no sabes cu\u00e1l opci\u00f3n elegir, ser\u00eda recomendable que visites el Consejero Profesional de tu Departamento para que te ayude a definir tus futuras metas y puedas tomar una decisi\u00f3n.<\/p>\n<hr \/>\n<h3><em>\u00bfCu\u00e1ndo solicito a escuela graduada?<\/em><\/h3>\n<p>Cada escuela graduada tiene sus fechas l\u00edmites establecidas. Es importante que consultes en las p\u00e1ginas oficiales de cada instituci\u00f3n para conocer la informaci\u00f3n de primera mano.<\/p>\n<p>Aunque conozcas la fecha l\u00edmite, evita dejarlo para \u00faltimo momento. Considera que algunas instituciones requieren cartas de recomendaci\u00f3n, transcripci\u00f3n de cr\u00e9ditos y ensayos junto a la solicitud, lo que demora tiempo en conseguirlas. Solicitar a tiempo puede darte m\u00e1s posibilidad de ser admitido a tu programa de inter\u00e9s.<\/p>\n<hr \/>\n<h3><\/h3>\n<h3><\/h3>\n<h3><strong><em>Poblaci\u00f3n General<\/em><\/strong><\/h3>\n<hr \/>\n<h3><em>Estoy desempleado, \u00bfqu\u00e9 hago?<\/em><\/h3>\n<p>Al estar desempleado, es importante elaborar un plan de acci\u00f3n. Ese plan de acci\u00f3n puede incluir la elaboraci\u00f3n del resum\u00e9, identificar lugares y\/o p\u00e1ginas donde conocer sobre ofertas de empleo y prepararte para entrevista. Si tienes la oportunidad, puedes asistir a una oficina regional de apoyo en el proceso de b\u00fasqueda de empleo.<\/p>\n<hr \/>\n<h3><em>Recientemente tuve una p\u00e9rdida y no he podido regresar a mi vida, \u00a1ayuda!<\/em><\/h3>\n<p>Experimentar p\u00e9rdidas puede afectar la rutina y las actividades cotidianas. Si has experimentado cambios dr\u00e1sticos en ti y en c\u00f3mo desempe\u00f1as actividades cotidianas, y sientes que no puedes manejarlo, es importante que busques la ayuda de un profesional para que puedas retomar tu vida.<\/p>\n<hr \/>\n<h3><em>No puedo dormir, no me da apetito y me siento con des\u00e1nimo, \u00a1no puedo m\u00e1s!<\/em><\/h3>\n<p>Si sientes que tu vida ha cambiado y no puedes manejar lo que sientes, lo m\u00e1s saludable es compartirlo con un profesional de ayuda (ej. Consejero Profesional, Psic\u00f3logo, Trabajador Social Cl\u00ednico).<\/p>\n<hr \/>\n<h3><em>Necesito ayuda pero ir a un psic\u00f3logo es para locos.<\/em><\/h3>\n<p>El reconocer que se necesita ayuda es un primer paso importante. Asistir al consultorio de un Psic\u00f3logo o Consejero Profesional significa que puedes reconocer que requieres de su ayuda para poder lidiar con situaciones y que te ocupas por tu bienestar.<\/p>\n<hr \/>\n<h3><em>\u00bfD\u00f3nde puedo comunicarme si necesito ayuda urgente?<\/em><\/h3>\n<p>L\u00ednea PAS 1-800-981-0023<\/p>\n<hr \/>\n<h3><\/h3>\n<p>&nbsp;<\/p>\n<p>&nbsp;<\/p>\n","protected":false},"excerpt":{"rendered":"<p>En esta secci\u00f3n encontrar\u00e1 respuestas a preguntas comunes de estudiantes de escuela superior, universitarios y poblaci\u00f3n en general. Estudiantes de Escuela Superior \u00bfCu\u00e1ndo debo tomar la Prueba de Aptitud Acad\u00e9mica? [&hellip;]<\/p>\n","protected":false},"author":1,"featured_media":0,"parent":0,"menu_order":0,"comment_status":"closed","ping_status":"closed","template":"","meta":{"footnotes":""},"class_list":["post-235","page","type-page","status-publish","hentry"],"jetpack_sharing_enabled":true,"jetpack_shortlink":"https:\/\/wp.me\/Pal6D3-3N","_links":{"self":[{"href":"https:\/\/www.consejeriayliderazgopr.com\/portal\/wp-json\/wp\/v2\/pages\/235","targetHints":{"allow":["GET"]}}],"collection":[{"href":"https:\/\/www.consejeriayliderazgopr.com\/portal\/wp-json\/wp\/v2\/pages"}],"about":[{"href":"https:\/\/www.consejeriayliderazgopr.com\/portal\/wp-json\/wp\/v2\/types\/page"}],"author":[{"embeddable":true,"href":"https:\/\/www.consejeriayliderazgopr.com\/portal\/wp-json\/wp\/v2\/users\/1"}],"replies":[{"embeddable":true,"href":"https:\/\/www.consejeriayliderazgopr.com\/portal\/wp-json\/wp\/v2\/comments?post=235"}],"version-history":[{"count":13,"href":"https:\/\/www.consejeriayliderazgopr.com\/portal\/wp-json\/wp\/v2\/pages\/235\/revisions"}],"predecessor-version":[{"id":747,"href":"https:\/\/www.consejeriayliderazgopr.com\/portal\/wp-json\/wp\/v2\/pages\/235\/revisions\/747"}],"wp:attachment":[{"href":"https:\/\/www.consejeriayliderazgopr.com\/portal\/wp-json\/wp\/v2\/media?parent=235"}],"curies":[{"name":"wp","href":"https:\/\/api.w.org\/{rel}","templated":true}]}}