{"id":360,"date":"2018-07-26T13:36:34","date_gmt":"2018-07-26T17:36:34","guid":{"rendered":"http:\/\/www.consejeriayliderazgopr.com\/portal\/?page_id=360"},"modified":"2018-10-06T22:37:20","modified_gmt":"2018-10-07T02:37:20","slug":"apoyo-para-padres","status":"publish","type":"page","link":"https:\/\/www.consejeriayliderazgopr.com\/portal\/apoyo-para-padres\/","title":{"rendered":"Apoyo para Padres"},"content":{"rendered":"<p>Padre que nos lee: <\/p>\n<p>Sabemos que muchas veces es dif\u00edcil trabajar con los hijos. No hay un libro que explique c\u00f3mo criarlos, pero s\u00ed hay gu\u00edas que ayudan a c\u00f3mo actuar y apoyarlos en diferentes situaciones. En esta secci\u00f3n queremos apoyarle y ofrecerle diferentes recomendaciones para trabajar en distintos momentos con sus hijos. <\/p>\n<p>\u00a1Esperamos ser de ayuda!<\/p>\n<p>\t\t\t\t<img data-recalc-dims=\"1\" loading=\"lazy\" decoding=\"async\" src=\"https:\/\/i0.wp.com\/www.consejeriayliderazgopr.com\/portal\/wp-content\/uploads\/2018\/07\/Foto-Gu%C3%ADa-para-padres.jpg?resize=640%2C427\" alt=\"Foto Gu\u00eda para padres\" itemprop=\"image\" height=\"427\" width=\"640\" title=\"Foto Gu\u00eda para padres\"  \/><br \/>\n\t\t\t\t<a href=\"http:\/\/www.consejeriayliderazgopr.com\/portal\/padres-apoyo-para-el-aprendizaje-exitoso\/\" target=\"_self\" itemprop=\"url\"><br \/>\n\t\t\t\t<img data-recalc-dims=\"1\" loading=\"lazy\" decoding=\"async\" src=\"https:\/\/i0.wp.com\/www.consejeriayliderazgopr.com\/portal\/wp-content\/uploads\/2018\/10\/foto-1.png?resize=640%2C457\" alt=\"foto\" itemprop=\"image\" height=\"457\" width=\"640\" title=\"foto\"  \/><br \/>\n\t\t\t\t<\/a><\/p>\n<h3><a href=\"http:\/\/www.consejeriayliderazgopr.com\/portal\/padres-apoyo-para-el-aprendizaje-exitoso\/\" target=\"_self\">Padres: Apoyo para el aprendizaje exitoso<\/a><\/h3>\n<p>Los padres son pieza fundamental en el crecimiento y desarrollo de sus hijos.<\/p>\n<p><a href=\"http:\/\/www.consejeriayliderazgopr.com\/portal\/padres-apoyo-para-el-aprendizaje-exitoso\/\" target=\"_self\">Leer m\u00e1s>>><\/a><br \/>\n\t\t\t\t<a href=\"http:\/\/www.consejeriayliderazgopr.com\/portal\/aprendiendo-sobre-el-trastorno-por-deficit-de-atencion-e-hiperactividad\/\" target=\"_self\" itemprop=\"url\"><br \/>\n\t\t\t\t<img data-recalc-dims=\"1\" loading=\"lazy\" decoding=\"async\" src=\"https:\/\/i0.wp.com\/www.consejeriayliderazgopr.com\/portal\/wp-content\/uploads\/2018\/09\/Padre-ADHD-1-e1538343314464.jpg?resize=640%2C452\" alt=\"Padre ADHD\" itemprop=\"image\" height=\"452\" width=\"640\" title=\"Padre ADHD\"  \/><br \/>\n\t\t\t\t<\/a><\/p>\n<h3><a href=\"http:\/\/www.consejeriayliderazgopr.com\/portal\/aprendiendo-sobre-el-trastorno-por-deficit-de-atencion-e-hiperactividad\/\" target=\"_self\">Aprendiendo a trabajar con el D\u00e9ficit de Atenci\u00f3n e Hiperactividad<\/a><\/h3>\n<p>Se presentan diversas herramientas que ser\u00edan \u00fatiles para trabajar el d\u00e9ficit de atenci\u00f3n con hiperactividad<\/p>\n<p><a href=\"http:\/\/www.consejeriayliderazgopr.com\/portal\/aprendiendo-sobre-el-trastorno-por-deficit-de-atencion-e-hiperactividad\/\" target=\"_self\">Leer m\u00e1s>>><\/a><br \/>\n\t\t\t\t<a href=\"http:\/\/www.consejeriayliderazgopr.com\/portal\/mi-hijo-quiere-estudiar-que\/\" target=\"_self\" itemprop=\"url\"><br \/>\n\t\t\t\t<img data-recalc-dims=\"1\" loading=\"lazy\" decoding=\"async\" src=\"https:\/\/i0.wp.com\/www.consejeriayliderazgopr.com\/portal\/wp-content\/uploads\/bb-plugin\/cache\/Foto-padre-hijo-e1538340782316-landscape.jpg?resize=640%2C406\" alt=\"Foto padre hijo\" itemprop=\"image\" height=\"406\" width=\"640\" title=\"Foto padre hijo\"  \/><br \/>\n\t\t\t\t<\/a><\/p>\n<h3><a href=\"http:\/\/www.consejeriayliderazgopr.com\/portal\/mi-hijo-quiere-estudiar-que\/\" target=\"_self\">\u00bfMi hijo quiere estudiar qu\u00e9?<\/a><\/h3>\n<p>Demuestre confianza y apertura ante su hijo; no lo juzgue.<\/p>\n<p><a href=\"http:\/\/www.consejeriayliderazgopr.com\/portal\/mi-hijo-quiere-estudiar-que\/\" target=\"_self\">Leer m\u00e1s>>><\/a>\t\t<\/p>\n","protected":false},"excerpt":{"rendered":"<p>Padre que nos lee: Sabemos que muchas veces es dif\u00edcil trabajar con los hijos. No hay un libro que explique c\u00f3mo criarlos, pero s\u00ed hay gu\u00edas que ayudan a c\u00f3mo [&hellip;]<\/p>\n","protected":false},"author":1,"featured_media":0,"parent":0,"menu_order":0,"comment_status":"closed","ping_status":"closed","template":"","meta":{"footnotes":""},"class_list":["post-360","page","type-page","status-publish","hentry"],"jetpack_sharing_enabled":true,"jetpack_shortlink":"https:\/\/wp.me\/Pal6D3-5O","_links":{"self":[{"href":"https:\/\/www.consejeriayliderazgopr.com\/portal\/wp-json\/wp\/v2\/pages\/360","targetHints":{"allow":["GET"]}}],"collection":[{"href":"https:\/\/www.consejeriayliderazgopr.com\/portal\/wp-json\/wp\/v2\/pages"}],"about":[{"href":"https:\/\/www.consejeriayliderazgopr.com\/portal\/wp-json\/wp\/v2\/types\/page"}],"author":[{"embeddable":true,"href":"https:\/\/www.consejeriayliderazgopr.com\/portal\/wp-json\/wp\/v2\/users\/1"}],"replies":[{"embeddable":true,"href":"https:\/\/www.consejeriayliderazgopr.com\/portal\/wp-json\/wp\/v2\/comments?post=360"}],"version-history":[{"count":28,"href":"https:\/\/www.consejeriayliderazgopr.com\/portal\/wp-json\/wp\/v2\/pages\/360\/revisions"}],"predecessor-version":[{"id":729,"href":"https:\/\/www.consejeriayliderazgopr.com\/portal\/wp-json\/wp\/v2\/pages\/360\/revisions\/729"}],"wp:attachment":[{"href":"https:\/\/www.consejeriayliderazgopr.com\/portal\/wp-json\/wp\/v2\/media?parent=360"}],"curies":[{"name":"wp","href":"https:\/\/api.w.org\/{rel}","templated":true}]}}