{"id":38,"date":"2018-02-09T10:46:22","date_gmt":"2018-02-09T10:46:22","guid":{"rendered":"https:\/\/demo.themeegg.com\/themes\/education-master\/?page_id=38"},"modified":"2018-07-26T15:21:29","modified_gmt":"2018-07-26T19:21:29","slug":"100-graduation","status":"publish","type":"page","link":"https:\/\/www.consejeriayliderazgopr.com\/portal\/100-graduation\/","title":{"rendered":"Consejer\u00eda y Liderazgo P.R."},"content":{"rendered":"<p>Consejer\u00eda y Liderazgo P.R. es un espacio creado con el genuino prop\u00f3sito de brindar informaci\u00f3n y herramientas \u00fatiles para la vida cotidiana y el desarrollo integral de los individuos. Aqu\u00ed podr\u00e1s encontrar herramientas y recursos para ayudar a tus hijos, familiares, compa\u00f1eros de trabajo, amigos, conocidos y dem\u00e1s. A ti joven que nos lees, este espacio tambi\u00e9n te ofrece informaci\u00f3n para maximizar el rendimiento en tus estudios y estrategias que te guiar\u00e1n a tomar decisiones efectivamente. As\u00ed mismo, exponemos informaci\u00f3n sobre la profesi\u00f3n de Consejer\u00eda y d\u00f3nde puedes estudiarla. Adem\u00e1s, si eres Consejero en Adiestramiento o Consejero Profesional, te compartimos estrategias para una pr\u00e1ctica efectiva. Ofrecemos informaci\u00f3n relacionada al proceso y c\u00f3mo puedes prepararte para tomar el examen de rev\u00e1lida para Consejeros Profesionales. Esperamos que este medio sea de utilidad para su vida personal y profesional.<\/p>\n","protected":false},"excerpt":{"rendered":"<p>Consejer\u00eda y Liderazgo P.R. es un espacio creado con el genuino prop\u00f3sito de brindar informaci\u00f3n y herramientas \u00fatiles para la vida cotidiana y el desarrollo integral de los individuos. Aqu\u00ed [&hellip;]<\/p>\n","protected":false},"author":1,"featured_media":401,"parent":0,"menu_order":0,"comment_status":"closed","ping_status":"closed","template":"","meta":{"footnotes":""},"class_list":["post-38","page","type-page","status-publish","has-post-thumbnail","hentry"],"jetpack_sharing_enabled":true,"jetpack_shortlink":"https:\/\/wp.me\/Pal6D3-C","_links":{"self":[{"href":"https:\/\/www.consejeriayliderazgopr.com\/portal\/wp-json\/wp\/v2\/pages\/38","targetHints":{"allow":["GET"]}}],"collection":[{"href":"https:\/\/www.consejeriayliderazgopr.com\/portal\/wp-json\/wp\/v2\/pages"}],"about":[{"href":"https:\/\/www.consejeriayliderazgopr.com\/portal\/wp-json\/wp\/v2\/types\/page"}],"author":[{"embeddable":true,"href":"https:\/\/www.consejeriayliderazgopr.com\/portal\/wp-json\/wp\/v2\/users\/1"}],"replies":[{"embeddable":true,"href":"https:\/\/www.consejeriayliderazgopr.com\/portal\/wp-json\/wp\/v2\/comments?post=38"}],"version-history":[{"count":6,"href":"https:\/\/www.consejeriayliderazgopr.com\/portal\/wp-json\/wp\/v2\/pages\/38\/revisions"}],"predecessor-version":[{"id":411,"href":"https:\/\/www.consejeriayliderazgopr.com\/portal\/wp-json\/wp\/v2\/pages\/38\/revisions\/411"}],"wp:featuredmedia":[{"embeddable":true,"href":"https:\/\/www.consejeriayliderazgopr.com\/portal\/wp-json\/wp\/v2\/media\/401"}],"wp:attachment":[{"href":"https:\/\/www.consejeriayliderazgopr.com\/portal\/wp-json\/wp\/v2\/media?parent=38"}],"curies":[{"name":"wp","href":"https:\/\/api.w.org\/{rel}","templated":true}]}}