{"id":504,"date":"2018-07-29T12:52:35","date_gmt":"2018-07-29T16:52:35","guid":{"rendered":"http:\/\/www.consejeriayliderazgopr.com\/portal\/?page_id=504"},"modified":"2019-04-21T20:42:10","modified_gmt":"2019-04-22T00:42:10","slug":"admision-universitaria","status":"publish","type":"page","link":"https:\/\/www.consejeriayliderazgopr.com\/portal\/admision-universitaria\/","title":{"rendered":"Admisi\u00f3n Universitaria"},"content":{"rendered":"\n<h3>Paso  #1<\/h3>\t\t\n\t\t\t<p>Identifica tus intereses vocacionales<\/p>\n<h3>Paso #2<\/h3>\t\t\n\t\t\t<p>Toma la Prueba de Aptitud Acad\u00e9mica<\/p>\n<h3>Paso #3<\/h3>\t\t\n\t\t\t<p>Solicita admisi\u00f3n a las instituciones de interes.<\/p>\n<h3>Paso  #4<\/h3>\t\t\n\t\t\t<p>Decide en cu\u00e1l instituci\u00f3n estudiar\u00e1s.<\/p>\n<h3>Paso  #5<\/h3>\t\t\n\t\t\t<p>Entrega los documentos requeridos y completa la solicitud de la FAFSA (conocida como \u00abBeca Pell\u00bb).<\/p>\n<h3>Paso #6<\/h3>\t\t\n\t\t\t<p>Comienza la Universidad recordando cu\u00e1les son tus metas.<\/p>\n\t\t\t\t<img data-recalc-dims=\"1\" loading=\"lazy\" decoding=\"async\" src=\"https:\/\/i0.wp.com\/www.consejeriayliderazgopr.com\/portal\/wp-content\/uploads\/2018\/09\/Foto-Libeta-Universidad.jpg?resize=640%2C427\" alt=\"Foto Libeta Universidad\" itemprop=\"image\" height=\"427\" width=\"640\" title=\"Foto Libeta Universidad\" onerror=\"this.style.display='none'\"  \/>\n\t\t<h3>Al comenzar la universidad&#8230;<\/h3>\t\t\n\t\t\t<ol>\n<li>Conoce las instalaciones: d\u00f3nde est\u00e1n localizadas las oficinas y los salones.<\/li>\n<li>Verifica si existen ayudas econ\u00f3micas o becas adicionales que puedan ayudarte a sufragar tus gastos.<\/li>\n<li>Pregunta por servicios que puedan ayudarte a tener un mejor aprovechamiento acad\u00e9mico (tutor\u00edas, edici\u00f3n de trabajos, entre otros).<\/li>\n<li>Conoce qui\u00e9n es tu Consejero Profesional y d\u00f3nde est\u00e1 localizada su oficina.<\/li>\n<li>Busca ayuda para mejorar o desarrollar h\u00e1bitos de estudio.<\/li>\n<li>Lee el prontuario del curso.<\/li>\n<li>Consigue los libros o materiales requeridos para las clases.<\/li>\n<li>Identifica d\u00f3nde est\u00e1n localizadas las oficinas de los profesores y asiste a consultar tus dudas y preguntas.<\/li>\n<\/ol>\n<p>IMPORTANTE: Estudia con anticipaci\u00f3n y evita acumular tareas o realizarlas en \u00faltimo momento.<\/p>\n<p>Nota: Si interesas realizar un traslado de concentraci\u00f3n, ori\u00e9ntate sobre los requisitos y desarrolla un plan para cumplirlos.<\/p>\n<p>&nbsp;<\/p>\n\t\t<h3>\u00bfIndecisi\u00f3n vocacional?<\/h3>\n\t\t<p>Si a\u00fan no defines qu\u00e9 estudiar, puedes acceder el <a href=\"https:\/\/www.miproximopaso.org\/\">siguiente enlace<\/a> y completar un breve inventario de intereses vocacionales. Es importante que asistas a Consejer\u00eda Profesional para interpretar los resultados.<\/p>\n\t\t\t<a href=\"https:\/\/www.miproximopaso.org\/\" target=\"_blank\" role=\"button\" rel=\"noopener noreferrer\" >\n\t\t\t\t\t\t\tConoce tus intereses vocacionales\n\t\t\t\t\t<\/a>\n","protected":false},"excerpt":{"rendered":"<p>Paso #1 Identifica tus intereses vocacionales Paso #2 Toma la Prueba de Aptitud Acad\u00e9mica Paso #3 Solicita admisi\u00f3n a las instituciones de interes. Paso #4 Decide en cu\u00e1l instituci\u00f3n estudiar\u00e1s. [&hellip;]<\/p>\n","protected":false},"author":1,"featured_media":0,"parent":0,"menu_order":0,"comment_status":"closed","ping_status":"closed","template":"","meta":{"footnotes":""},"class_list":["post-504","page","type-page","status-publish","hentry"],"jetpack_sharing_enabled":true,"jetpack_shortlink":"https:\/\/wp.me\/Pal6D3-88","_links":{"self":[{"href":"https:\/\/www.consejeriayliderazgopr.com\/portal\/wp-json\/wp\/v2\/pages\/504","targetHints":{"allow":["GET"]}}],"collection":[{"href":"https:\/\/www.consejeriayliderazgopr.com\/portal\/wp-json\/wp\/v2\/pages"}],"about":[{"href":"https:\/\/www.consejeriayliderazgopr.com\/portal\/wp-json\/wp\/v2\/types\/page"}],"author":[{"embeddable":true,"href":"https:\/\/www.consejeriayliderazgopr.com\/portal\/wp-json\/wp\/v2\/users\/1"}],"replies":[{"embeddable":true,"href":"https:\/\/www.consejeriayliderazgopr.com\/portal\/wp-json\/wp\/v2\/comments?post=504"}],"version-history":[{"count":17,"href":"https:\/\/www.consejeriayliderazgopr.com\/portal\/wp-json\/wp\/v2\/pages\/504\/revisions"}],"predecessor-version":[{"id":970,"href":"https:\/\/www.consejeriayliderazgopr.com\/portal\/wp-json\/wp\/v2\/pages\/504\/revisions\/970"}],"wp:attachment":[{"href":"https:\/\/www.consejeriayliderazgopr.com\/portal\/wp-json\/wp\/v2\/media?parent=504"}],"curies":[{"name":"wp","href":"https:\/\/api.w.org\/{rel}","templated":true}]}}