{"id":508,"date":"2018-07-29T12:54:23","date_gmt":"2018-07-29T16:54:23","guid":{"rendered":"http:\/\/www.consejeriayliderazgopr.com\/portal\/?page_id=508"},"modified":"2019-04-21T17:39:12","modified_gmt":"2019-04-21T21:39:12","slug":"universitarios","status":"publish","type":"page","link":"https:\/\/www.consejeriayliderazgopr.com\/portal\/universitarios\/","title":{"rendered":"Universitario"},"content":{"rendered":"\n<p>Estando en la universidad, suele suceder el preguntarse <em>\u00bfqu\u00e9 har\u00e9 cuando me grad\u00fae?<\/em>. Despu\u00e9s de m\u00e1s de 4 a\u00f1os prepar\u00e1ndose con un Bachillerato, la realidad es que el mundo despu\u00e9s de graduarse tiende a complicarse. Entre las opciones viables: contin\u00faas estudiando o intentas conseguir un empleo.<\/p>\n<p>Si optas por continuar estudiando, continuar\u00e1n las interrogantes como:<br \/>\n<em>\u00bfQu\u00e9 continuar\u00e9 estudiando?<\/em><br \/>\n<em>\u00bfD\u00f3nde puedo estudiar?<\/em><br \/>\n<em>\u00bfMe quedo en Puerto Rico o me voy al extranjero?<\/em><br \/>\n<em>\u00bfC\u00f3mo pago mis estudios?<\/em><\/p>\n<p>Estas, entre otras muchas preguntas, tienden a llegar a los que interesan continuar estudiando. Los que quieren intentar conseguir un empleo no est\u00e1n excentos de las interrogantes. Estos suelen preguntarse:<br \/>\n<em>\u00bfC\u00f3mo puedo buscar empleo?<\/em><br \/>\n<em>\u00bfPuedo trabajar en algo relacionado a lo que estudi\u00e9?<\/em><br \/>\n<em>\u00bfEstoy dispuesto a trabajar \u00aben lo que sea\u00bb?<\/em><\/p>\n<p>Por esto, es importante que explores tus intereses, tus habilidades y tus valores\u00a0 ocupacionales. En Consejer\u00eda y Liderazgo P.R. queremos ser de ayuda para tu toma de decisiones. A continuaci\u00f3n encontrar\u00e1s informaci\u00f3n, recomendaciones y recursos que ser\u00e1n de gran utilidad en este proceso. De necesitar ayuda adicional, puedes acceder la secci\u00f3n \u00abComun\u00edcate con Nosotros\u00bb. Estamos para servirte.<\/p>\n<p>\t\t\t\t<img data-recalc-dims=\"1\" loading=\"lazy\" decoding=\"async\" src=\"https:\/\/i0.wp.com\/www.consejeriayliderazgopr.com\/portal\/wp-content\/uploads\/2018\/09\/Foto-libreria-para-Universitarios.jpg?resize=540%2C720\" alt=\"Foto libreria para Universitarios\" itemprop=\"image\" height=\"720\" width=\"540\" title=\"Foto libreria para Universitarios\"  \/><br \/>\n\t\t\t\t<a href=\"http:\/\/www.consejeriayliderazgopr.com\/portal\/continuar-estudiando\/\" target=\"_self\" itemprop=\"url\"><br \/>\n\t\t\t\t<img data-recalc-dims=\"1\" loading=\"lazy\" decoding=\"async\" src=\"https:\/\/i0.wp.com\/www.consejeriayliderazgopr.com\/portal\/wp-content\/uploads\/bb-plugin\/cache\/Foto-continuar-estudiando-landscape.png?resize=640%2C625\" alt=\"Foto continuar estudiando\" itemprop=\"image\" height=\"625\" width=\"640\" title=\"Foto continuar estudiando\"  \/><br \/>\n\t\t\t\t<\/a><\/p>\n<h3><a href=\"http:\/\/www.consejeriayliderazgopr.com\/portal\/continuar-estudiando\/\" target=\"_self\">Continuar estudiando<\/a><\/h3>\n<p>Conoce qu\u00e9 debes hacer para continuar estudios graduados.<\/p>\n<p><a href=\"http:\/\/www.consejeriayliderazgopr.com\/portal\/continuar-estudiando\/\" target=\"_self\">Leer m\u00e1s >>><\/a><br \/>\n\t\t\t\t<a href=\"http:\/\/www.consejeriayliderazgopr.com\/portal\/estrategias-para-la-busqueda-de-empleo\/\" target=\"_self\" itemprop=\"url\"><br \/>\n\t\t\t\t<img data-recalc-dims=\"1\" loading=\"lazy\" decoding=\"async\" src=\"https:\/\/i0.wp.com\/www.consejeriayliderazgopr.com\/portal\/wp-content\/uploads\/bb-plugin\/cache\/Foto-Trabajo-So%C3%B1ado-landscape.jpg?resize=640%2C427\" alt=\"Foto Trabajo So\u00f1ado\" itemprop=\"image\" height=\"427\" width=\"640\" title=\"Foto Trabajo So\u00f1ado\"  \/><br \/>\n\t\t\t\t<\/a><\/p>\n<h3><a href=\"http:\/\/www.consejeriayliderazgopr.com\/portal\/estrategias-para-la-busqueda-de-empleo\/\" target=\"_self\">Estrategias para la B\u00fasqueda de Empleo<\/a><\/h3>\n<p>Te proveemos diversas estrategias que te ayudar\u00e1n en la b\u00fasqueda de empleo.<\/p>\n<p><a href=\"http:\/\/www.consejeriayliderazgopr.com\/portal\/estrategias-para-la-busqueda-de-empleo\/\" target=\"_self\">Leer m\u00e1s >>><\/a>\t\t<\/p>\n<h3>\u00bfIndecisi\u00f3n vocacional?<\/h3>\n<p>Si a\u00fan no\u00a0defines qu\u00e9 estudiar, puedes acceder el <a href=\"https:\/\/www.miproximopaso.org\/\">siguiente enlace<\/a> y completar un breve inventario de intereses vocacionales. Es importante que asistas a Consejer\u00eda Profesional para interpretar los resultados.<\/p>\n<p>\t\t\t<a href=\"https:\/\/www.miproximopaso.org\/\" target=\"_blank\" role=\"button\" rel=\"noopener\" ><br \/>\n\t\t\t\t\t\t\tConoce tus intereses vocacionales<br \/>\n\t\t\t\t\t<\/a><\/p>\n<h3>Tendencias laborales y salariales<\/h3>\n<p>Conoce sobre las tendencias de trabajos y salariales.<\/p>\n<p>\t\t\t<a href=\"https:\/\/www.bls.gov\/ooh\/\" target=\"_blank\" role=\"button\" rel=\"noopener\" ><br \/>\n\t\t\t\t\t\t\tConoce sobre las tendencias laborales y salariales<br \/>\n\t\t\t\t\t<\/a><\/p>\n<h3>Explora diversas carreras<\/h3>\n<p>Explora carreras, formaci\u00f3n y trabajo.<\/p>\n<p>\t\t\t<a href=\"https:\/\/www.careeronestop.org\/\" target=\"_blank\" role=\"button\" rel=\"noopener\" ><br \/>\n\t\t\t\t\t\t\tExplora carreras, formaci\u00f3n y trabajo<br \/>\n\t\t\t\t\t<\/a><\/p>\n","protected":false},"excerpt":{"rendered":"<p>Estando en la universidad, suele suceder el preguntarse \u00bfqu\u00e9 har\u00e9 cuando me grad\u00fae?. Despu\u00e9s de m\u00e1s de 4 a\u00f1os prepar\u00e1ndose con un Bachillerato, la realidad es que el mundo despu\u00e9s [&hellip;]<\/p>\n","protected":false},"author":1,"featured_media":0,"parent":0,"menu_order":0,"comment_status":"closed","ping_status":"closed","template":"","meta":{"footnotes":""},"class_list":["post-508","page","type-page","status-publish","hentry"],"jetpack_sharing_enabled":true,"jetpack_shortlink":"https:\/\/wp.me\/Pal6D3-8c","_links":{"self":[{"href":"https:\/\/www.consejeriayliderazgopr.com\/portal\/wp-json\/wp\/v2\/pages\/508","targetHints":{"allow":["GET"]}}],"collection":[{"href":"https:\/\/www.consejeriayliderazgopr.com\/portal\/wp-json\/wp\/v2\/pages"}],"about":[{"href":"https:\/\/www.consejeriayliderazgopr.com\/portal\/wp-json\/wp\/v2\/types\/page"}],"author":[{"embeddable":true,"href":"https:\/\/www.consejeriayliderazgopr.com\/portal\/wp-json\/wp\/v2\/users\/1"}],"replies":[{"embeddable":true,"href":"https:\/\/www.consejeriayliderazgopr.com\/portal\/wp-json\/wp\/v2\/comments?post=508"}],"version-history":[{"count":30,"href":"https:\/\/www.consejeriayliderazgopr.com\/portal\/wp-json\/wp\/v2\/pages\/508\/revisions"}],"predecessor-version":[{"id":733,"href":"https:\/\/www.consejeriayliderazgopr.com\/portal\/wp-json\/wp\/v2\/pages\/508\/revisions\/733"}],"wp:attachment":[{"href":"https:\/\/www.consejeriayliderazgopr.com\/portal\/wp-json\/wp\/v2\/media?parent=508"}],"curies":[{"name":"wp","href":"https:\/\/api.w.org\/{rel}","templated":true}]}}