{"id":565,"date":"2018-09-30T14:44:28","date_gmt":"2018-09-30T18:44:28","guid":{"rendered":"http:\/\/www.consejeriayliderazgopr.com\/portal\/?page_id=565"},"modified":"2018-09-30T23:58:20","modified_gmt":"2018-10-01T03:58:20","slug":"conoce-sobre-la-consejeria-profesional","status":"publish","type":"page","link":"https:\/\/www.consejeriayliderazgopr.com\/portal\/conoce-sobre-la-consejeria-profesional\/","title":{"rendered":"Conoce sobre la Consejer\u00eda Profesional"},"content":{"rendered":"<p>\t\t\t\t\t\t<a href=\"http:\/\/www.consejeriayliderazgopr.com\/portal\/que-es-consejeria-profesional\/\" target=\"_self\" aria-label=\"link to http:\/\/www.consejeriayliderazgopr.com\/portal\/que-es-consejeria-profesional\/\" rel=\"noopener\"><br \/>\n\t\t<\/a>\t<\/p>\n<h3><a href=\"http:\/\/www.consejeriayliderazgopr.com\/portal\/que-es-consejeria-profesional\/\" target=\"_self\">\u00bfQu\u00e9 es Consejer\u00eda Profesional?<\/a><\/h3>\n<p>\t\t\t\t\t\t<a href=\"http:\/\/www.consejeriayliderazgopr.com\/portal\/roles-y-caracteristicas-del-consejero-efectivo\/\" target=\"_self\" aria-label=\"link to http:\/\/www.consejeriayliderazgopr.com\/portal\/roles-y-caracteristicas-del-consejero-efectivo\/\" rel=\"noopener\"><br \/>\n\t\t<\/a>\t<\/p>\n<h3><a href=\"http:\/\/www.consejeriayliderazgopr.com\/portal\/roles-y-caracteristicas-del-consejero-efectivo\/\" target=\"_self\">Roles y Caracter\u00edsticas del Consejero Efectivo<\/a><\/h3>\n<p>\t\t\t\t\t\t<a href=\"http:\/\/www.consejeriayliderazgopr.com\/portal\/escenario-donde-puede-trabajar-el-consejero-profesional\/\" target=\"_self\" aria-label=\"link to http:\/\/www.consejeriayliderazgopr.com\/portal\/escenario-donde-puede-trabajar-el-consejero-profesional\/\" rel=\"noopener\"><br \/>\n\t\t<\/a>\t<\/p>\n<h3><a href=\"http:\/\/www.consejeriayliderazgopr.com\/portal\/escenario-donde-puede-trabajar-el-consejero-profesional\/\" target=\"_self\">Escenarios donde trabaja el Consejero Profesional<\/a><\/h3>\n","protected":false},"excerpt":{"rendered":"<p>\u00bfQu\u00e9 es Consejer\u00eda Profesional? Roles y Caracter\u00edsticas del Consejero Efectivo Escenarios donde trabaja el Consejero Profesional<\/p>\n","protected":false},"author":1,"featured_media":0,"parent":0,"menu_order":0,"comment_status":"closed","ping_status":"closed","template":"","meta":{"footnotes":""},"class_list":["post-565","page","type-page","status-publish","hentry"],"jetpack_sharing_enabled":true,"jetpack_shortlink":"https:\/\/wp.me\/Pal6D3-97","_links":{"self":[{"href":"https:\/\/www.consejeriayliderazgopr.com\/portal\/wp-json\/wp\/v2\/pages\/565","targetHints":{"allow":["GET"]}}],"collection":[{"href":"https:\/\/www.consejeriayliderazgopr.com\/portal\/wp-json\/wp\/v2\/pages"}],"about":[{"href":"https:\/\/www.consejeriayliderazgopr.com\/portal\/wp-json\/wp\/v2\/types\/page"}],"author":[{"embeddable":true,"href":"https:\/\/www.consejeriayliderazgopr.com\/portal\/wp-json\/wp\/v2\/users\/1"}],"replies":[{"embeddable":true,"href":"https:\/\/www.consejeriayliderazgopr.com\/portal\/wp-json\/wp\/v2\/comments?post=565"}],"version-history":[{"count":10,"href":"https:\/\/www.consejeriayliderazgopr.com\/portal\/wp-json\/wp\/v2\/pages\/565\/revisions"}],"predecessor-version":[{"id":698,"href":"https:\/\/www.consejeriayliderazgopr.com\/portal\/wp-json\/wp\/v2\/pages\/565\/revisions\/698"}],"wp:attachment":[{"href":"https:\/\/www.consejeriayliderazgopr.com\/portal\/wp-json\/wp\/v2\/media?parent=565"}],"curies":[{"name":"wp","href":"https:\/\/api.w.org\/{rel}","templated":true}]}}